{"id":17753,"date":"2026-02-12T01:50:48","date_gmt":"2026-02-12T06:50:48","guid":{"rendered":"http:\/\/localhost\/hertz\/?page_id=17753"},"modified":"2026-02-15T05:48:33","modified_gmt":"2026-02-15T10:48:33","slug":"page-two","status":"publish","type":"page","link":"https:\/\/ssi-soluciones.com\/en\/page-two\/","title":{"rendered":"Blog &#8211; Page two"},"content":{"rendered":"<div class=\"wpb-content-wrapper\"><section id=\"blog-content\" class=\"vc_section vc_section-o-content-middle vc_section-flex\"><div id=\"vc_row_1770869321013-07a1a25f-2ae8\" class=\"vc_row wpb_row vc_row-fluid vc_custom_1771152168873 row-background-light vc_custom_1771152168874 vc_row-o-equal-height vc_row-flex\"><div class=\"wpb_column vc_column_container vc_col-sm-12 vc_col-lg-offset-0 vc_col-lg-8 col-background-light\" id=\"vc_col_1770877427689-57c015ad-d837\"><div class=\"vc_column-inner \"><div class=\"wpb_wrapper\">\n\t<div class=\"wpb_text_column wpb_content_element vc_custom_1771151049511 text-all-posts\" >\n\t\t<div class=\"wpb_wrapper\">\n\t\t\t<p><span style=\"color: #000000;\"><strong><a style=\"color: #000000;\" href=\"http:\/\/localhost\/hertz\/blogs\/\">\u2190 TODOS LOS ART\u00cdCULOS<\/a><\/strong><\/span><\/p>\n\n\t\t<\/div>\n\t<\/div>\n\n\t<div class=\"wpb_text_column wpb_content_element\" >\n\t\t<div class=\"wpb_wrapper\">\n\t\t\t<h2><span style=\"color: #000000; font-size: 24px;\">C\u00f3mo elegir el auto perfecto para cada aventura<\/span><\/h2>\n<p><span style=\"color: #000000;\">Cuando planificas una nueva aventura, cada detalle importa. El destino, la compa\u00f1\u00eda, el clima&#8230; \u00a1y por supuesto, el auto! Elegir el veh\u00edculo correcto puede marcar la diferencia entre un viaje inolvidable y uno lleno de contratiempos. En este art\u00edculo, te ayudamos a descubrir c\u00f3mo escoger el auto ideal seg\u00fan el tipo de experiencia que est\u00e1s buscando. \u00a1Prep\u00e1rate para manejar hacia tu pr\u00f3xima historia!.<\/span><\/p>\n<p>&nbsp;<\/p>\n<p><span style=\"color: #000000;\"><strong>1. Aventura en la sierra: potencia y tracci\u00f3n<\/strong><\/span><\/p>\n<p><span style=\"color: #000000;\">Si est\u00e1s planeando un viaje hacia destinos de altura como Cusco, Huaraz o Ayacucho, necesitas un auto que est\u00e9 a la altura del reto.<\/span><\/p>\n<p><span style=\"color: #000000;\"><strong>Lo ideal:<\/strong><\/span><\/p>\n<ul>\n<li><span style=\"color: #000000;\">Una camioneta 4&#215;4 o SUV con buena suspensi\u00f3n.<\/span><\/li>\n<li><span style=\"color: #000000;\">Motor potente para pendientes pronunciadas.<\/span><\/li>\n<li><span style=\"color: #000000;\">Espacio para equipaje y accesorios como mochilas, ox\u00edgeno port\u00e1til o incluso bicicletas.<\/span><\/li>\n<\/ul>\n<p><span style=\"color: #000000;\">Consejo: Busca modelos como Toyota Fortuner, Rav4 o Mitsubishi Montero si planeas rutas fuera de pista.<\/span><\/p>\n<p>&nbsp;<\/p>\n<p><span style=\"color: #000000;\"><strong>2. Aventura en la costa: comodidad y estilo<\/strong><\/span><\/p>\n<p><span style=\"color: #000000;\">\u00bfTu ruta va por la Panamericana rumbo a playas como M\u00e1ncora, Paracas o Punta Sal? Aqu\u00ed lo importante es la comodidad y el disfrute del camino.<\/span><\/p>\n<p><span style=\"color: #000000;\"><strong>Lo ideal:<\/strong><\/span><\/p>\n<ul>\n<li><span style=\"color: #000000;\">Un sed\u00e1n o SUV mediano con buen aire acondicionado.<\/span><\/li>\n<li><span style=\"color: #000000;\">Conectividad para m\u00fasica y GPS.<\/span><\/li>\n<li><span style=\"color: #000000;\">Maletera amplia para tablas, sombrillas y m\u00e1s.<\/span><\/li>\n<\/ul>\n<p><span style=\"color: #000000;\">Consejo: Modelos como el Toyota Corolla o Toyota Raize, son perfectos para viajes largos por carretera y con estilo.<\/span><\/p>\n<p>&nbsp;<\/p>\n<p><span style=\"color: #000000;\"><strong>3. Viaje a la selva: seguridad y ventilaci\u00f3n<\/strong><\/span><\/p>\n<p><span style=\"color: #000000;\">Explorar destinos como Tarapoto, Iquitos o Pucallpa exige un auto resistente y preparado para climas h\u00famedos y terrenos cambiantes.<\/span><\/p>\n<p><span style=\"color: #000000;\"><strong>Lo ideal:<\/strong><\/span><\/p>\n<ul>\n<li><span style=\"color: #000000;\">\u00a0SUV o pick-up con buen despeje del suelo.<\/span><\/li>\n<li><span style=\"color: #000000;\">Aire acondicionado de doble zona.<\/span><\/li>\n<li><span style=\"color: #000000;\">Buen sellado para evitar humedad o insectos.<\/span><\/li>\n<\/ul>\n<p>&nbsp;<\/p>\n<p><span style=\"color: #000000;\"><strong>4. Escapada en familia: espacio y entretenimiento<\/strong><\/span><\/p>\n<p><span style=\"color: #000000;\">Cuando viajas con ni\u00f1os o adultos mayores, la clave est\u00e1 en la comodidad y seguridad para todos.<\/span><\/p>\n<p><span style=\"color: #000000;\"><strong>Lo ideal:<\/strong><\/span><\/p>\n<ul>\n<li><span style=\"color: #000000;\">SUVs de 3 filas como Toyota Avanza o Geely Okavango.<\/span><\/li>\n<li><span style=\"color: #000000;\">Asientos reclinables, sistema de entretenimiento y m\u00faltiples puertos de carga.<\/span><\/li>\n<li><span style=\"color: #000000;\">Buen espacio para maletas, juguetes y snacks.<\/span><\/li>\n<\/ul>\n<p><span style=\"color: #000000;\">Consejo: Pregunta si el veh\u00edculo incluye sillas para ni\u00f1os o booster.<\/span><\/p>\n<p>&nbsp;<\/p>\n<p><span style=\"color: #000000;\"><strong>5. Aventura express: eficiencia y maniobrabilidad<\/strong><\/span><\/p>\n<p><span style=\"color: #000000;\">Si solo necesitas moverte dentro de la ciudad o hacer un viaje corto, lo mejor es elegir un auto pr\u00e1ctico y econ\u00f3mico.<\/span><\/p>\n<p><span style=\"color: #000000;\"><strong>Lo ideal:<\/strong><\/span><\/p>\n<ul>\n<li><span style=\"color: #000000;\">Hatchbacks o sedanes compactos como el Kia Rio, Hyundai i10 o Toyota Yaris.<\/span><\/li>\n<li><span style=\"color: #000000;\">Bajo consumo de combustible.<\/span><\/li>\n<li><span style=\"color: #000000;\">F\u00e1cil de estacionar y manejar en zonas urbanas.<\/span><\/li>\n<\/ul>\n<p><span style=\"color: #000000;\">Consejo: Elige veh\u00edculos con sensores de retroceso o c\u00e1mara si no conoces bien la ciudad.<\/span><\/p>\n<p>&nbsp;<\/p>\n<p><span style=\"color: #000000;\"><strong>\u00bfQu\u00e9 m\u00e1s considerar antes de elegir tu auto?<\/strong><\/span><\/p>\n<ul>\n<li><span style=\"color: #000000;\">Duraci\u00f3n del viaje: A mayor tiempo, m\u00e1s comodidad necesitar\u00e1s.<\/span><\/li>\n<li><span style=\"color: #000000;\">N\u00famero de pasajeros: No escatimes en espacio.<\/span><\/li>\n<li><span style=\"color: #000000;\">Tipo de equipaje: Considera el tama\u00f1o y cantidad.<\/span><\/li>\n<\/ul>\n<p>&nbsp;<\/p>\n<p><span style=\"color: #000000;\"><strong>Conduce la aventura con nosotros<\/strong><\/span><\/p>\n<p><span style=\"color: #000000;\">En\u00a0<b>Hertz Per\u00fa<\/b>, tenemos una flota para cada tipo de viaje. Desde city cars para una escapada r\u00e1pida hasta SUVs todoterreno para conquistar caminos dif\u00edciles. Y con beneficios como<b>\u00a0kilometraje ilimitado, reservas online y seguros integrales<\/b>, estamos listos para que tu pr\u00f3xima aventura empiece con el pie derecho\u2026 \u00a1y el volante en tus manos!<\/span><\/p>\n\n\t\t<\/div>\n\t<\/div>\n<\/div><\/div><\/div><div class=\"wpb_column vc_column_container vc_col-sm-12 vc_col-lg-1 col-background-light\" id=\"vc_col_1771150884903-f0a62589-1b2b\"><div class=\"vc_column-inner \"><div class=\"wpb_wrapper\"><\/div><\/div><\/div><div class=\"right-column wpb_column vc_column_container vc_col-sm-12 vc_col-lg-3 col-background-light\" id=\"vc_col_1770877427735-a83e7cd2-3abc\"><div class=\"vc_column-inner \"><div class=\"wpb_wrapper\">\n\t<div class=\"wpb_text_column wpb_content_element vc_custom_1771152333757\" >\n\t\t<div class=\"wpb_wrapper\">\n\t\t\t<p><span style=\"color: #000000;\">A UN SOLO PASO<\/span><\/p>\n<h6 style=\"text-align: left;\"><strong><span style=\"color: #000000;\">\u00a1Alquila online sin complicaciones!<\/span><\/strong><\/h6>\n<p><span style=\"font-size: 16px; color: #000000;\">Si ya tienes las fechas en las que deseas alquilar un veh\u00edculo, res\u00e9rvalo v\u00eda online y obt\u00e9n descuentos exclusivos.<\/span><\/p>\n\n\t\t<\/div>\n\t<\/div>\n<div class=\"vc_btn3-container vc_btn3-center vc_custom_1771152494195 vc_do_btn\" id=\"reserve\" ><button class=\"vc_general vc_btn3 vc_btn3-size-lg vc_btn3-shape-rounded vc_btn3-style-modern vc_btn3-color-black\">COMIENCE AHORA<\/button><\/div><\/div><\/div><\/div><\/div><div id=\"vc_row_1770873513443-4a515800-0cd7\" class=\"vc_row wpb_row vc_row-fluid row-background-light\"><div class=\"wpb_column vc_column_container vc_col-sm-12 col-background-light\" id=\"vc_col_1770873513455-a19c85c2-6224\"><div class=\"vc_column-inner \"><div class=\"wpb_wrapper\">\n\t<div class=\"wpb_raw_code wpb_raw_html wpb_content_element\" >\n\t\t<div class=\"wpb_wrapper\">\n\t\t\t<style>\n    #blog-content ul {\n      list-style: none;\n      padding: 0;\n      max-width: 600px;\n    }\n    \n    #blog-content li {\n    \/*  background: rgba(255, 255, 255, 0.1);*\/\n    \/*  backdrop-filter: blur(5px);*\/\n    \/*  border: 1px solid rgba(0, 0, 0, 0.1);*\/\n    \/*  margin-bottom: 12px;*\/\n    \/*  padding: 15px 20px;*\/\n    \/*  border-radius: 8px;*\/\n      display: flex;\n    \/*  align-items: center;*\/\n    \/*  transition: transform 0.2s ease;*\/\n    \/*  font-family: sans-serif;*\/\n    \/*  color: #333;*\/\n    }\n    \n    \n    #blog-content li::before {\n      content: '\u2713';\n      margin-right: 15px;\n      color: var(--wp--preset--color--luminous-vivid-amber);\n      font-weight: bold;\n    }\n    \n    #reserve button {\n        \/*font-size: 26px;*\/\n        font-weight: bold;\n    }\n<\/style>    \n\t\t<\/div>\n\t<\/div>\n\n\t<div class=\"wpb_raw_code wpb_raw_html wpb_content_element\" >\n\t\t<div class=\"wpb_wrapper\">\n\t\t\t<!-- Modal -->\n<div class=\"modal fade\" id=\"ssiWidgetModal\" tabindex=\"-1\" role=\"dialog\" aria-labelledby=\"myModalLabel\">\n  <div class=\"modal-dialog\" role=\"document\">\n    <div class=\"modal-content\">\n      <div class=\"modal-body\">\n        <div id=\"ssi-widget-mobile-slot\"><\/div>\n      <\/div>\n    <\/div>\n  <\/div>\n<\/div>\n\n<script>\n    jQuery(function($) {\n        var $ssiWidget = $('#ssi-widget');\n        var $pickupSelect = $('select[name=\"crbs_pickup_location_id\"]');\n        \n        \/\/ Consultar tama\u00f1o de pantall\n        var mq = window.matchMedia('(min-width: 992px)');\n        \n        \n        if (mq.matches) {\n            $('#reserve button').click(function() {\n                if ($ssiWidget.is(':hidden')) $ssiWidget.show();\n            \n                setTimeout(function() {\n                    $pickupSelect.selectmenu('open');\n                }, 500);\n            });\n        } else {\n            \/\/ Mover formulario al body del modal\n            $('#ssi-widget-mobile-slot').append($ssiWidget);\n            \n            \/\/ configurar boton para abrir modal\n            $('#reserve button').attr('data-toggle', 'modal');\n            $('#reserve button').attr('data-target', '#ssiWidgetModal');\n            \n            \/\/ Mostrar formualrio porque por defecto esta oculto\n            $ssiWidget.show();\n        }\n    });\n<\/script>\n\t\t<\/div>\n\t<\/div>\n<\/div><\/div><\/div><\/div><\/section>\n<\/div>","protected":false},"excerpt":{"rendered":"\u2190 TODOS LOS ART\u00cdCULOS C\u00f3mo elegir el auto perfecto para cada aventura Cuando planificas una nueva aventura, cada detalle importa. El destino, la compa\u00f1\u00eda, el clima... \u00a1y por supuesto, el auto! Elegir el veh\u00edculo correcto puede marcar la diferencia entre un viaje inolvidable y uno lleno de contratiempos. En este art\u00edculo, te ayudamos a descubrir [...]","protected":false},"author":1,"featured_media":0,"parent":0,"menu_order":0,"comment_status":"closed","ping_status":"closed","template":"templates\/page-vc_compatible.php","meta":{"_acf_changed":false,"footnotes":""},"class_list":["post-17753","page","type-page","status-publish","hentry"],"acf":[],"_links":{"self":[{"href":"https:\/\/ssi-soluciones.com\/en\/wp-json\/wp\/v2\/pages\/17753","targetHints":{"allow":["GET"]}}],"collection":[{"href":"https:\/\/ssi-soluciones.com\/en\/wp-json\/wp\/v2\/pages"}],"about":[{"href":"https:\/\/ssi-soluciones.com\/en\/wp-json\/wp\/v2\/types\/page"}],"author":[{"embeddable":true,"href":"https:\/\/ssi-soluciones.com\/en\/wp-json\/wp\/v2\/users\/1"}],"replies":[{"embeddable":true,"href":"https:\/\/ssi-soluciones.com\/en\/wp-json\/wp\/v2\/comments?post=17753"}],"version-history":[{"count":10,"href":"https:\/\/ssi-soluciones.com\/en\/wp-json\/wp\/v2\/pages\/17753\/revisions"}],"predecessor-version":[{"id":17767,"href":"https:\/\/ssi-soluciones.com\/en\/wp-json\/wp\/v2\/pages\/17753\/revisions\/17767"}],"wp:attachment":[{"href":"https:\/\/ssi-soluciones.com\/en\/wp-json\/wp\/v2\/media?parent=17753"}],"curies":[{"name":"wp","href":"https:\/\/api.w.org\/{rel}","templated":true}]}}