{"id":17745,"date":"2026-02-12T01:44:23","date_gmt":"2026-02-12T06:44:23","guid":{"rendered":"http:\/\/localhost\/hertz\/?page_id=17745"},"modified":"2026-02-15T06:01:24","modified_gmt":"2026-02-15T11:01:24","slug":"page-three","status":"publish","type":"page","link":"https:\/\/ssi-soluciones.com\/en\/page-three\/","title":{"rendered":"Blog &#8211; Page three"},"content":{"rendered":"<div class=\"wpb-content-wrapper\"><section id=\"blog-content\" class=\"vc_section\"><div id=\"vc_row_1770869321013-07a1a25f-2ae8\" class=\"vc_row wpb_row vc_row-fluid vc_custom_1771153065157 row-background-light vc_custom_1771153065158 vc_row-o-equal-height vc_row-flex\"><div class=\"wpb_column vc_column_container vc_col-sm-12 vc_col-lg-8 col-background-light\" id=\"vc_col_1770877427689-57c015ad-d837\"><div class=\"vc_column-inner \"><div class=\"wpb_wrapper\">\n\t<div class=\"wpb_text_column wpb_content_element vc_custom_1770873151051\" >\n\t\t<div class=\"wpb_wrapper\">\n\t\t\t<p><strong><span style=\"color: #000000;\"><a style=\"color: #000000;\" href=\"http:\/\/localhost\/hertz\/blogs\/\">\u2190 TODOS LOS ART\u00cdCULOS<\/a><\/span><\/strong><\/p>\n\n\t\t<\/div>\n\t<\/div>\n\n\t<div class=\"wpb_text_column wpb_content_element\" >\n\t\t<div class=\"wpb_wrapper\">\n\t\t\t<h2><span style=\"color: #000000; font-size: 24px;\">5 consejos para planear un road trip inolvidable<\/span><\/h2>\n<p><span style=\"color: #000000;\">\u00bfQui\u00e9n no ha so\u00f1ado con una aventura sobre ruedas? Un buen road trip no solo es una forma de viajar, es una experiencia que se graba en la memoria: paisajes cambiantes, playlists interminables, risas en cada parada y libertad total de moverte a tu ritmo. Pero para que todo fluya sin contratiempos, es clave planificar con inteligencia. Aqu\u00ed te dejamos 5 consejos esenciales para que tu pr\u00f3ximo road trip sea realmente inolvidable:<\/span><\/p>\n<p>&nbsp;<\/p>\n<p><span style=\"color: #000000;\"><strong>1. Elige bien tu destino&#8230; y tus paradas intermedias<\/strong><\/span><\/p>\n<p><span style=\"color: #000000;\">Aunque la magia del viaje est\u00e1 en el camino, tener un destino final claro te ayudar\u00e1 a organizar tiempos, gastos y rutas. \u00bfPlaya, monta\u00f1a, pueblos m\u00e1gicos o ciudades con historia? Define tambi\u00e9n paradas estrat\u00e9gicas para comer, descansar o simplemente descubrir algo nuevo. A veces, los lugares m\u00e1s memorables son los que no estaban en el itinerario.<\/span><br \/>\n<span style=\"color: #000000;\"><b>Consejo extra:<\/b>\u00a0usa apps como Google Maps o Roadtrippers para detectar puntos de inter\u00e9s en tu ruta.<\/span><\/p>\n<p>&nbsp;<\/p>\n<p><span style=\"color: #000000;\"><strong>2. Alquila el veh\u00edculo ideal para tu tipo de aventura<\/strong><\/span><\/p>\n<p><span style=\"color: #000000;\">El veh\u00edculo es tu compa\u00f1ero de ruta, \u00a1aseg\u00farate de que est\u00e9 a la altura! Si viajas en grupo, un SUV o una camioneta puede ofrecerte el espacio y la comodidad que necesitas. Si vas en pareja o en modo explorador, un sed\u00e1n o hatchback puede ser m\u00e1s pr\u00e1ctico.<\/span><br \/>\n<span style=\"color: #000000;\"><b>Bonus tip:<\/b>\u00a0alquilar un auto puede ser m\u00e1s econ\u00f3mico que usar el propio, especialmente si no tienes uno con las caracter\u00edsticas ideales para tu viaje.<\/span><\/p>\n<p>&nbsp;<\/p>\n<p><span style=\"color: #000000;\"><strong>3. Haz una checklist antes de salir<\/strong><\/span><\/p>\n<p><span style=\"color: #000000;\">Desde documentos (DNI, licencia de conducir, voucher de reserva del veh\u00edculo) hasta snacks, botiqu\u00edn, cargadores, protector solar y playlists descargadas. Tener una lista te evitar\u00e1 olvidar lo esencial. Y si alquilas un veh\u00edculo, verifica estos puntos antes de salir:<\/span><\/p>\n<ul>\n<li><span style=\"color: #000000;\">Nivel de combustible<\/span><\/li>\n<li><span style=\"color: #000000;\">Estado de llantas (\u00a1incluyendo la de repuesto!)<\/span><\/li>\n<li><span style=\"color: #000000;\">Aire acondicionado y luces<\/span><\/li>\n<li><span style=\"color: #000000;\">Seguro vigente<\/span><\/li>\n<\/ul>\n<p>&nbsp;<\/p>\n<p><span style=\"color: #000000;\"><strong>4. S\u00e9 flexible, pero con ciertos l\u00edmites<\/strong><\/span><\/p>\n<p><span style=\"color: #000000;\">Parte de lo emocionante de un road trip es improvisar. Pero ojo: un exceso de improvisaci\u00f3n puede traerte sorpresas poco agradables. Define un cronograma base y s\u00e9 realista con los tiempos de manejo. Recuerda descansar bien y turnarte si vas con m\u00e1s personas.<\/span><br \/>\n<span style=\"color: #000000;\"><b>Un buen consejo es aplicar la regla 3-3-3:<\/b>\u00a0no m\u00e1s de 300 km al d\u00eda, no m\u00e1s de 3 horas seguidas sin parar, y no llegar despu\u00e9s de las 3 p.m. a tu destino final.<\/span><\/p>\n<p>&nbsp;<\/p>\n<p><span style=\"color: #000000;\"><strong>5. Documenta el viaje sin vivir pegado a la pantalla<\/strong><\/span><\/p>\n<p><span style=\"color: #000000;\">Captura paisajes, graba momentos espont\u00e1neos y toma muchas fotos. Pero tambi\u00e9n recuerda soltar el celular y disfrutar con los cinco sentidos. Los mejores recuerdos no solo se guardan en la galer\u00eda del tel\u00e9fono, sino en la mente y el coraz\u00f3n.<\/span><\/p>\n<p><span style=\"color: #000000;\"><b>\u00bfUna idea?<\/b>\u00a0Al final del viaje, arma un mini \u00e1lbum con fotos, tickets, mapas o an\u00e9cdotas. Te sorprender\u00e1 lo bien que revive cada detalle.<\/span><\/p>\n\n\t\t<\/div>\n\t<\/div>\n<\/div><\/div><\/div><div class=\"wpb_column vc_column_container vc_col-sm-12 vc_col-lg-1 col-background-light\" id=\"vc_col_1770876730219-34f1393e-99d7\"><div class=\"vc_column-inner \"><div class=\"wpb_wrapper\"><\/div><\/div><\/div><div class=\"right-column wpb_column vc_column_container vc_col-sm-12 vc_col-lg-3 col-background-light\" id=\"vc_col_1770877427735-a83e7cd2-3abc\"><div class=\"vc_column-inner \"><div class=\"wpb_wrapper\">\n\t<div class=\"wpb_text_column wpb_content_element vc_custom_1771153082634\" >\n\t\t<div class=\"wpb_wrapper\">\n\t\t\t<p><span style=\"color: #000000;\">A UN SOLO PASO<\/span><\/p>\n<h6 style=\"text-align: left;\"><strong><span style=\"color: #000000;\">\u00a1Alquila online sin complicaciones!<\/span><\/strong><\/h6>\n<p><span style=\"font-size: 16px; color: #000000; line-height: 1.4;\">Si ya tienes las fechas en las que deseas alquilar un veh\u00edculo, res\u00e9rvalo v\u00eda online y obt\u00e9n descuentos exclusivos.<\/span><\/p>\n\n\t\t<\/div>\n\t<\/div>\n<div class=\"vc_btn3-container vc_btn3-center vc_custom_1771153137292 vc_do_btn\" id=\"reserve\" ><button class=\"vc_general vc_btn3 vc_btn3-size-lg vc_btn3-shape-rounded vc_btn3-style-modern vc_btn3-color-black\">COMIENCE AHORA<\/button><\/div><\/div><\/div><\/div><\/div><\/section><section class=\"vc_section\"><div id=\"vc_row_1770873513443-4a515800-0cd7\" class=\"vc_row wpb_row vc_row-fluid row-background-light\"><div class=\"wpb_column vc_column_container vc_col-sm-12 col-background-light\" id=\"vc_col_1770873513455-a19c85c2-6224\"><div class=\"vc_column-inner \"><div class=\"wpb_wrapper\">\n\t<div class=\"wpb_raw_code wpb_raw_html wpb_content_element\" >\n\t\t<div class=\"wpb_wrapper\">\n\t\t\t<style>\n    #blog-content ul {\n      list-style: none;\n      padding: 0;\n      max-width: 600px;\n    }\n    \n    #blog-content li {\n      \/*background: rgba(255, 255, 255, 0.1);*\/\n      \/*backdrop-filter: blur(5px);*\/\n      \/*border: 1px solid rgba(0, 0, 0, 0.1);*\/\n      \/*margin-bottom: 12px;*\/\n      \/*padding: 15px 20px;*\/\n      \/*border-radius: 8px;*\/\n      display: flex;\n      \/*align-items: center;*\/\n      \/*transition: transform 0.2s ease;*\/\n      \/*font-family: sans-serif;*\/\n      \/*color: #333;*\/\n    }\n    \n    #blog-content li::before {\n      content: '\u2713';\n      margin-right: 15px;\n      color: var(--wp--preset--color--luminous-vivid-amber);\n      font-weight: bold;\n    }\n    \n    #reserve button {\n        \/*font-size: 26px;*\/\n        font-weight: bold;\n    }\n<\/style>    \n\t\t<\/div>\n\t<\/div>\n\n\t<div class=\"wpb_raw_code wpb_raw_html wpb_content_element\" >\n\t\t<div class=\"wpb_wrapper\">\n\t\t\t<!-- Modal -->\n<div class=\"modal fade\" id=\"ssiWidgetModal\" tabindex=\"-1\" role=\"dialog\" aria-labelledby=\"myModalLabel\">\n  <div class=\"modal-dialog\" role=\"document\">\n    <div class=\"modal-content\">\n      <div class=\"modal-body\">\n        <div id=\"ssi-widget-mobile-slot\"><\/div>\n      <\/div>\n    <\/div>\n  <\/div>\n<\/div>\n\n<script>\n    jQuery(function($) {\n        var $ssiWidget = $('#ssi-widget');\n        var $pickupSelect = $('select[name=\"crbs_pickup_location_id\"]');\n        \n        \/\/ Consultar tama\u00f1o de pantalla\n        var mq = window.matchMedia('(min-width: 992px)');\n        \n        \n        if (mq.matches) {\n            $('#reserve button').click(function() {\n                if ($ssiWidget.is(':hidden')) $ssiWidget.show();\n            \n                setTimeout(function() {\n                    $pickupSelect.selectmenu('open');\n                }, 500);\n            });\n        } else {\n            \/\/ Mover formulario al body del modal\n            $('#ssi-widget-mobile-slot').append($ssiWidget);\n            \n            \/\/ configurar boton para abrir modal\n            $('#reserve button').attr('data-toggle', 'modal');\n            $('#reserve button').attr('data-target', '#ssiWidgetModal');\n            \n            \/\/ Mostrar formualrio porque por defecto esta oculto\n            $ssiWidget.show();\n        }\n    });\n<\/script>\n\t\t<\/div>\n\t<\/div>\n<\/div><\/div><\/div><\/div><\/section>\n<\/div>","protected":false},"excerpt":{"rendered":"\u2190 TODOS LOS ART\u00cdCULOS 5 consejos para planear un road trip inolvidable \u00bfQui\u00e9n no ha so\u00f1ado con una aventura sobre ruedas? Un buen road trip no solo es una forma de viajar, es una experiencia que se graba en la memoria: paisajes cambiantes, playlists interminables, risas en cada parada y libertad total de moverte a [...]","protected":false},"author":1,"featured_media":0,"parent":0,"menu_order":0,"comment_status":"closed","ping_status":"closed","template":"templates\/page-vc_compatible.php","meta":{"_acf_changed":false,"footnotes":""},"class_list":["post-17745","page","type-page","status-publish","hentry"],"acf":[],"_links":{"self":[{"href":"https:\/\/ssi-soluciones.com\/en\/wp-json\/wp\/v2\/pages\/17745","targetHints":{"allow":["GET"]}}],"collection":[{"href":"https:\/\/ssi-soluciones.com\/en\/wp-json\/wp\/v2\/pages"}],"about":[{"href":"https:\/\/ssi-soluciones.com\/en\/wp-json\/wp\/v2\/types\/page"}],"author":[{"embeddable":true,"href":"https:\/\/ssi-soluciones.com\/en\/wp-json\/wp\/v2\/users\/1"}],"replies":[{"embeddable":true,"href":"https:\/\/ssi-soluciones.com\/en\/wp-json\/wp\/v2\/comments?post=17745"}],"version-history":[{"count":13,"href":"https:\/\/ssi-soluciones.com\/en\/wp-json\/wp\/v2\/pages\/17745\/revisions"}],"predecessor-version":[{"id":17804,"href":"https:\/\/ssi-soluciones.com\/en\/wp-json\/wp\/v2\/pages\/17745\/revisions\/17804"}],"wp:attachment":[{"href":"https:\/\/ssi-soluciones.com\/en\/wp-json\/wp\/v2\/media?parent=17745"}],"curies":[{"name":"wp","href":"https:\/\/api.w.org\/{rel}","templated":true}]}}