{"id":17634,"date":"2026-02-02T19:37:26","date_gmt":"2026-02-03T00:37:26","guid":{"rendered":"http:\/\/localhost\/hertz\/?page_id=17634"},"modified":"2026-02-14T15:22:30","modified_gmt":"2026-02-14T20:22:30","slug":"promociones","status":"publish","type":"page","link":"https:\/\/ssi-soluciones.com\/en\/promociones\/","title":{"rendered":"Promociones"},"content":{"rendered":"<div class=\"wpb-content-wrapper\"><section data-vc-full-width=\"true\" data-vc-full-width-temp=\"true\" data-vc-full-width-init=\"false\" class=\"vc_section\"><div id=\"vc_row_1769928016424-e6526a8e-1785\" data-vc-full-width=\"true\" data-vc-full-width-init=\"false\" data-vc-stretch-content=\"true\" class=\"vc_row wpb_row vc_row-fluid row-background-light vc_row-no-padding\"><div class=\"wpb_column vc_column_container vc_col-sm-12 col-background-light\" id=\"vc_col_1769928016425-20c91692-a7d1\"><div class=\"vc_column-inner \"><div class=\"wpb_wrapper\">\n\t<div  class=\"wpb_single_image wpb_content_element vc_align_center wpb_content_element\">\n\t\t\n\t\t<figure class=\"wpb_wrapper vc_figure\">\n\t\t\t<div class=\"vc_single_image-wrapper   vc_box_border_grey\"><img loading=\"lazy\" decoding=\"async\" width=\"2065\" height=\"1002\" src=\"https:\/\/ssi-soluciones.com\/wp-content\/uploads\/2026\/02\/PAGINA-PROMOCIONES-1.jpg\" class=\"vc_single_image-img attachment-full\" alt=\"\" title=\"PAGINA-PROMOCIONES-1\" srcset=\"https:\/\/ssi-soluciones.com\/wp-content\/uploads\/2026\/02\/PAGINA-PROMOCIONES-1.jpg 2065w, https:\/\/ssi-soluciones.com\/wp-content\/uploads\/2026\/02\/PAGINA-PROMOCIONES-1-300x146.jpg 300w, https:\/\/ssi-soluciones.com\/wp-content\/uploads\/2026\/02\/PAGINA-PROMOCIONES-1-1024x497.jpg 1024w, https:\/\/ssi-soluciones.com\/wp-content\/uploads\/2026\/02\/PAGINA-PROMOCIONES-1-768x373.jpg 768w, https:\/\/ssi-soluciones.com\/wp-content\/uploads\/2026\/02\/PAGINA-PROMOCIONES-1-1536x745.jpg 1536w, https:\/\/ssi-soluciones.com\/wp-content\/uploads\/2026\/02\/PAGINA-PROMOCIONES-1-2048x994.jpg 2048w, https:\/\/ssi-soluciones.com\/wp-content\/uploads\/2026\/02\/PAGINA-PROMOCIONES-1-460x223.jpg 460w\" sizes=\"auto, (max-width: 2065px) 100vw, 2065px\" \/><\/div>\n\t\t<\/figure>\n\t<\/div>\n<\/div><\/div><\/div><\/div><div class=\"vc_row-full-width vc_clearfix\"><\/div><\/section><div class=\"vc_row-full-width vc_clearfix\"><\/div><section class=\"vc_section\"><div id=\"vc_row_1770079157580-d85397e4-e36a\" class=\"vc_row wpb_row vc_row-fluid vc_custom_1771099288491 row-background-light vc_custom_1771099288492\"><div class=\"wpb_column vc_column_container vc_col-sm-12 col-background-light\" id=\"vc_col_1770079157593-f355d862-7f44\"><div class=\"vc_column-inner \"><div class=\"wpb_wrapper\">\t<div class=\"section-title text-center style_3\" style=\"--cd_title_font_size_lg: 36px;--cd_title_font_size_md: 36px;--cd_title_font_size_sm: 36px;--cd_title_font_size_xs: 32px;--cd_title_line_height_lg: 32px;--cd_title_line_height_md: 32px;--cd_title_line_height_sm: 32px;--cd_title_line_height_xs: 32px\">\n\t\t\t\t\t<h3 class=\"main-title\">Promociones<\/h3>\n\t\t\t\t\t\t\t<p><\/p>\n<p style=\"text-align: center;\"><span style=\"color: #000000; font-size: 20px;\">Conoce todas las promociones que tenemos preparado para t\u00ed.<\/span><\/p>\n<p><\/p>\n\t\t\t\t\t<\/div>\n\t<\/div><\/div><\/div><\/div><div id=\"vc_row_1769928315643-51652472-2deb\" class=\"vc_row wpb_row vc_row-fluid banner1 vc_custom_1771100363022 row-background-light vc_custom_1771100363023 vc_custom_1771100363024 vc_custom_1771100363025 vc_row-has-fill\"><div class=\"wpb_column vc_column_container vc_col-sm-12 col-background-light\" id=\"vc_col_1769928315645-fd54bda1-001f\"><div class=\"vc_column-inner \"><div class=\"wpb_wrapper\">\t<div class=\"section-title text-center style_3\" style=\"--cd_title_font_size_lg: 36px;--cd_title_font_size_md: 36px;--cd_title_font_size_sm: 36px;--cd_title_font_size_xs: 32px;--cd_title_line_height_lg: 32px;--cd_title_line_height_md: 32px;--cd_title_line_height_sm: 32px;--cd_title_line_height_xs: 32px\">\n\t\t\t\t\t<h3 class=\"main-title\">\u00a1Haz tu reserva y accede a beneficios!<\/h3>\n\t\t\t\t\t\t\t<p><\/p>\n<p style=\"text-align: center;\"><span style=\"font-size: 20px; color: #000000;\">Si ya tienes las fechas en las que deseas alquilar un veh\u00edculo, res\u00e9rvalo v\u00eda online. Y obt\u00e9n descuentos exclusivos<\/span><\/p>\n<p><\/p>\n\t\t\t\t\t<\/div>\n\t<div class=\"vc_btn3-container vc_btn3-center vc_custom_1771088768446 vc_do_btn\" id=\"reserve\" ><button class=\"vc_general vc_btn3 vc_btn3-size-lg vc_btn3-shape-square vc_btn3-style-classic vc_btn3-color-black\">Comenzar reserva<\/button><\/div><\/div><\/div><\/div><\/div><div id=\"vc_row_1770079252233-097ff26d-fa99\" class=\"vc_row wpb_row vc_row-fluid vc_custom_1771099384128 row-background-light vc_custom_1771099384129\"><div class=\"wpb_column vc_column_container vc_col-sm-12 col-background-light\" id=\"vc_col_1770079252248-0e2692f1-8d48\"><div class=\"vc_column-inner \"><div class=\"wpb_wrapper\">\n\t<div class=\"wpb_text_column wpb_content_element\" >\n\t\t<div class=\"wpb_wrapper\">\n\t\t\t<p style=\"text-align: center;\"><span style=\"font-size: 20px; color: #000000;\">Viajar con nosotros es una experiencia completa y reconfortante: veh\u00edculos c\u00f3modos, atenci\u00f3n personalizada, reservas r\u00e1pidas y beneficios exclusivos pensados para que disfrutes cada kil\u00f3metro en tu camino.<\/span><\/p>\n\n\t\t<\/div>\n\t<\/div>\n<\/div><\/div><\/div><\/div><\/section><section class=\"vc_section vc_custom_1771096939563\"><div id=\"vc_row_1769928650713-a7742c9c-0dc3\" class=\"vc_row wpb_row vc_row-fluid row-background-light vc_custom_1771096975459 vc_column-gap-35 vc_row-o-equal-height vc_row-flex\"><div class=\"card-container wpb_column vc_column_container vc_col-sm-4 col-background-light\" id=\"vc_col_1769928650714-833ec279-f901\"><div class=\"vc_column-inner vc_custom_1771093765667\"><div class=\"wpb_wrapper\">\n\t<div class=\"wpb_text_column wpb_content_element\" >\n\t\t<div class=\"wpb_wrapper\">\n\t\t\t<p style=\"text-align: left; font-weight: bold; color: black; font-size: 24px;\">20% de Descuento en alquiler de autos para suscriptores del Club El Comercio<\/p>\n<p style=\"text-align: left; font-weight: 400; color: black; font-size: 20px;\">\u00bfEres del Club El Comercio?<br \/>\ndisfruta un descuento exclusivo en alquiler de autos y camionetas con Kilometraje ilimitado. \u00a1Viaja c\u00f3modo!<\/p>\n\n\t\t<\/div>\n\t<\/div>\n\n\t<div  class=\"wpb_single_image wpb_content_element vc_align_center wpb_content_element vc_custom_1770865479453\">\n\t\t\n\t\t<figure class=\"wpb_wrapper vc_figure\">\n\t\t\t<div class=\"vc_single_image-wrapper   vc_box_border_grey\"><img decoding=\"async\" class=\"vc_single_image-img \" src=\"https:\/\/ssi-soluciones.com\/wp-content\/uploads\/2026\/02\/logo-el-comercio-200x100.png\" width=\"200\" height=\"100\" alt=\"logo-el-comercio\" title=\"logo-el-comercio\" loading=\"lazy\" \/><\/div>\n\t\t<\/figure>\n\t<\/div>\n<\/div><\/div><\/div><div class=\"card-container wpb_column vc_column_container vc_col-sm-4 col-background-light\" id=\"vc_col_1769928692272-af6e64dc-1a36\"><div class=\"vc_column-inner vc_custom_1771093821119\"><div class=\"wpb_wrapper\">\n\t<div class=\"wpb_text_column wpb_content_element\" >\n\t\t<div class=\"wpb_wrapper\">\n\t\t\t<p style=\"text-align: left; font-weight: bold; color: black; font-size: 24px;\">15% de Descuento en alquiler de autos para clientes BBVA<\/p>\n<p style=\"text-align: left; font-weight: 400; color: black; font-size: 20px;\">Con tu tarjeta de cr\u00e9dito BBVA, obt\u00e9n un descuento exclusivo en alquiler de autos y camionetas Hertz con kilometraje ilimitado \u00a1Viaja sin l\u00edmites!<\/p>\n\n\t\t<\/div>\n\t<\/div>\n\n\t<div  class=\"wpb_single_image wpb_content_element vc_align_center wpb_content_element vc_custom_1770865468818\">\n\t\t\n\t\t<figure class=\"wpb_wrapper vc_figure\">\n\t\t\t<div class=\"vc_single_image-wrapper   vc_box_border_grey\"><img decoding=\"async\" class=\"vc_single_image-img \" src=\"https:\/\/ssi-soluciones.com\/wp-content\/uploads\/2026\/02\/logo-banco-bbva-200x100.png\" width=\"200\" height=\"100\" alt=\"logo-banco-bbva\" title=\"logo-banco-bbva\" loading=\"lazy\" \/><\/div>\n\t\t<\/figure>\n\t<\/div>\n<\/div><\/div><\/div><div class=\"card-container wpb_column vc_column_container vc_col-sm-4 col-background-light\"><div class=\"vc_column-inner vc_custom_1771093833356\"><div class=\"wpb_wrapper\">\n\t<div class=\"wpb_text_column wpb_content_element\" >\n\t\t<div class=\"wpb_wrapper\">\n\t\t\t<p style=\"text-align: left; font-weight: bold; color: black; font-size: 24px;\">15% de Descuento en alquiler de autos para clientes Diners Club<\/p>\n<p style=\"text-align: left; font-weight: 400; color: black; font-size: 20px;\">Con tu tarjeta Diners, obt\u00e9n un descuento especial en toda la flota Hertz con kilometraje ilimitado. Te acompa\u00f1amos en cada ruta.<\/p>\n\n\t\t<\/div>\n\t<\/div>\n\n\t<div  class=\"wpb_single_image wpb_content_element vc_align_center wpb_content_element vc_custom_1770865491512\">\n\t\t\n\t\t<figure class=\"wpb_wrapper vc_figure\">\n\t\t\t<div class=\"vc_single_image-wrapper   vc_box_border_grey\"><img decoding=\"async\" class=\"vc_single_image-img \" src=\"https:\/\/ssi-soluciones.com\/wp-content\/uploads\/2026\/02\/logo-diners-club-200x100.jpg\" width=\"200\" height=\"100\" alt=\"logo-diners-club\" title=\"logo-diners-club\" loading=\"lazy\" \/><\/div>\n\t\t<\/figure>\n\t<\/div>\n<\/div><\/div><\/div><\/div><div class=\"vc_row wpb_row vc_row-fluid row-background-light vc_column-gap-35 vc_row-o-equal-height vc_row-o-content-top vc_row-flex\"><div class=\"card-container wpb_column vc_column_container vc_col-sm-4 col-background-light\"><div class=\"vc_column-inner vc_custom_1771093858491\"><div class=\"wpb_wrapper\">\n\t<div class=\"wpb_text_column wpb_content_element\" >\n\t\t<div class=\"wpb_wrapper\">\n\t\t\t<p style=\"text-align: left; font-weight: bold; color: black; font-size: 24px;\">15% de Descuento en alquiler de autos para clientes Rimac<\/p>\n<p style=\"text-align: left; font-weight: 400; color: black; font-size: 20px;\">\u00bfEres cliente Rimac? Accede a un descuento exclusivo en toda nuestra flota y viaja con kilometraje ilimitado.<br \/>\nM\u00e1s beneficios para que sigas avanzando seguro<\/p>\n\n\t\t<\/div>\n\t<\/div>\n\n\t<div  class=\"wpb_single_image wpb_content_element vc_align_center wpb_content_element vc_custom_1770865502388\">\n\t\t\n\t\t<figure class=\"wpb_wrapper vc_figure\">\n\t\t\t<div class=\"vc_single_image-wrapper   vc_box_border_grey\"><img decoding=\"async\" class=\"vc_single_image-img \" src=\"https:\/\/ssi-soluciones.com\/wp-content\/uploads\/2026\/02\/logo-rimac-seguros-200x100.jpg\" width=\"200\" height=\"100\" alt=\"logo-rimac-seguros\" title=\"logo-rimac-seguros\" loading=\"lazy\" \/><\/div>\n\t\t<\/figure>\n\t<\/div>\n<\/div><\/div><\/div><div class=\"card-container wpb_column vc_column_container vc_col-sm-4 col-background-light\"><div class=\"vc_column-inner vc_custom_1771093872996\"><div class=\"wpb_wrapper\">\n\t<div class=\"wpb_text_column wpb_content_element\" >\n\t\t<div class=\"wpb_wrapper\">\n\t\t\t<p style=\"text-align: left; font-weight: bold; color: black; font-size: 24px;\">10% de Descuento en alquiler de autos para clientes Pacifico Seguros<\/p>\n<p style=\"text-align: left; font-weight: 400; color: black; font-size: 20px;\">Con Pacifico Seguros, tus beneficios te llevan m\u00e1s lejos, disfruta descuentos especiales en el alquiler de autos y camionetas Hertz con kilometraje ilimitado<\/p>\n\n\t\t<\/div>\n\t<\/div>\n\n\t<div  class=\"wpb_single_image wpb_content_element vc_align_center wpb_content_element vc_custom_1770865739985\">\n\t\t\n\t\t<figure class=\"wpb_wrapper vc_figure\">\n\t\t\t<div class=\"vc_single_image-wrapper   vc_box_border_grey\"><img decoding=\"async\" class=\"vc_single_image-img \" src=\"https:\/\/ssi-soluciones.com\/wp-content\/uploads\/2026\/02\/logo-pacifico-seguros-png-200x100.png\" width=\"200\" height=\"100\" alt=\"logo-pacifico-seguros-png\" title=\"logo-pacifico-seguros-png\" loading=\"lazy\" \/><\/div>\n\t\t<\/figure>\n\t<\/div>\n<\/div><\/div><\/div><div class=\"card-container wpb_column vc_column_container vc_col-sm-4 col-background-light\"><div class=\"vc_column-inner vc_custom_1771093884784\"><div class=\"wpb_wrapper\">\n\t<div class=\"wpb_text_column wpb_content_element\" >\n\t\t<div class=\"wpb_wrapper\">\n\t\t\t<p style=\"text-align: left; font-weight: bold; color: black; font-size: 24px;\">15% de Descuento en alquiler de autos para clientes Cencosud<\/p>\n<p style=\"text-align: left; font-weight: 400; color: black; font-size: 20px;\">\u00bfTienes tarjeta Cencosud?<br \/>\nAccede a un descuento exclusivo en toda nuestra flota y viaja con kilometraje ilimitado.<br \/>\nM\u00e1s beneficios para ti en cada ruta.<\/p>\n\n\t\t<\/div>\n\t<\/div>\n\n\t<div  class=\"wpb_single_image wpb_content_element vc_align_center wpb_content_element vc_custom_1770865521619\">\n\t\t\n\t\t<figure class=\"wpb_wrapper vc_figure\">\n\t\t\t<div class=\"vc_single_image-wrapper   vc_box_border_grey\"><img decoding=\"async\" class=\"vc_single_image-img \" src=\"https:\/\/ssi-soluciones.com\/wp-content\/uploads\/2026\/02\/logo-tarjeta-cencosud-png-200x100.png\" width=\"200\" height=\"100\" alt=\"logo-tarjeta-cencosud-png\" title=\"logo-tarjeta-cencosud-png\" loading=\"lazy\" \/><\/div>\n\t\t<\/figure>\n\t<\/div>\n<\/div><\/div><\/div><\/div><div id=\"vc_row_1769928650713-a7742c9c-0dc3\" class=\"vc_row wpb_row vc_row-fluid row-background-light vc_column-gap-35 vc_row-o-equal-height vc_row-o-content-top vc_row-flex\"><div class=\"card-container wpb_column vc_column_container vc_col-sm-4 col-background-light\"><div class=\"vc_column-inner vc_custom_1771093899394\"><div class=\"wpb_wrapper\">\n\t<div class=\"wpb_text_column wpb_content_element\" >\n\t\t<div class=\"wpb_wrapper\">\n\t\t\t<p style=\"text-align: left; font-weight: bold; color: black; font-size: 24px;\">15% de Descuento<br \/>\npara Bonda<\/p>\n<p style=\"text-align: left; font-weight: 400; color: black; font-size: 20px;\">Viajar sin limites es parte del beneficio. Si eres de Bonda, accede a descuento exclusivo con nosotros y haz que cada trayecto una gran experiencia.<\/p>\n\n\t\t<\/div>\n\t<\/div>\n\n\t<div  class=\"wpb_single_image wpb_content_element vc_align_center wpb_content_element\">\n\t\t\n\t\t<figure class=\"wpb_wrapper vc_figure\">\n\t\t\t<div class=\"vc_single_image-wrapper   vc_box_border_grey\"><img decoding=\"async\" class=\"vc_single_image-img \" src=\"https:\/\/ssi-soluciones.com\/wp-content\/uploads\/2026\/02\/logo-bonda-200x100.jpg\" width=\"200\" height=\"100\" alt=\"logo-bonda\" title=\"logo-bonda\" loading=\"lazy\" \/><\/div>\n\t\t<\/figure>\n\t<\/div>\n<\/div><\/div><\/div><div class=\"card-container wpb_column vc_column_container vc_col-sm-4 col-background-light\"><div class=\"vc_column-inner vc_custom_1771093912542\"><div class=\"wpb_wrapper\">\n\t<div class=\"wpb_text_column wpb_content_element\" >\n\t\t<div class=\"wpb_wrapper\">\n\t\t\t<p style=\"text-align: left; font-weight: bold; color: black; font-size: 24px;\">15% de Descuento<br \/>\nen el Restaurante<br \/>\nLiman\u00e1 para todos<br \/>\nnuestros clientes<\/p>\n<p style=\"text-align: left; font-weight: 400; color: black; font-size: 20px;\">Con tu reserva o contrato, obt\u00e9n un descuento exclusivo en Liman\u00e1, el restaurante sostenible top en Lima.<\/p>\n\n\t\t<\/div>\n\t<\/div>\n\n\t<div  class=\"wpb_single_image wpb_content_element vc_align_center wpb_content_element\">\n\t\t\n\t\t<figure class=\"wpb_wrapper vc_figure\">\n\t\t\t<div class=\"vc_single_image-wrapper   vc_box_border_grey\"><img decoding=\"async\" class=\"vc_single_image-img \" src=\"https:\/\/ssi-soluciones.com\/wp-content\/uploads\/2026\/02\/logo-restaurante-limana-200x100.jpg\" width=\"200\" height=\"100\" alt=\"logo-restaurante-limana\" title=\"logo-restaurante-limana\" loading=\"lazy\" \/><\/div>\n\t\t<\/figure>\n\t<\/div>\n<\/div><\/div><\/div><\/div><\/section><section class=\"vc_section\"><div id=\"vc_row_1770834537067-3dd43577-0bcd\" class=\"vc_row wpb_row vc_row-fluid row-background-light\"><div class=\"wpb_column vc_column_container vc_col-sm-12 col-background-light\" id=\"vc_col_1770834537084-516ed102-5840\"><div class=\"vc_column-inner \"><div class=\"wpb_wrapper\">\n\t<div class=\"wpb_raw_code wpb_raw_html wpb_content_element\" >\n\t\t<div class=\"wpb_wrapper\">\n\t\t\t<style>\n    .card-container > div {\n        box-shadow: rgba(0, 0, 0, 0.35) 0px 5px 15px;\n        border-radius: 10px;\n    }\n    \n    #reserve button {\n        font-weight: bold;\n    }\n    \n    @media (min-width: 576px) {\n        #reserve button {\n            font-size: 18px;\n        }\n    }\n    \n    @media (min-width: 1200px) {\n        #reserve button {\n            font-size: 24px;\n        }\n    }\n<\/style>\n\t\t<\/div>\n\t<\/div>\n\n\t<div class=\"wpb_raw_code wpb_raw_html wpb_content_element\" >\n\t\t<div class=\"wpb_wrapper\">\n\t\t\t<!-- Modal -->\n<div class=\"modal fade\" id=\"ssiWidgetModal\" tabindex=\"-1\" role=\"dialog\" aria-labelledby=\"myModalLabel\">\n  <div class=\"modal-dialog\" role=\"document\">\n    <div class=\"modal-content\">\n      <div class=\"modal-body\">\n        <div id=\"ssi-widget-mobile-slot\"><\/div>\n      <\/div>\n    <\/div>\n  <\/div>\n<\/div>\n\n<script>\n    jQuery(function($) {\n        var $ssiWidget = $('#ssi-widget');\n        var $pickupSelect = $('select[name=\"crbs_pickup_location_id\"]');\n        \n        \/\/ Consultar tama\u00f1o de pantall\n        var mq = window.matchMedia('(min-width: 992px)');\n        \n        \n        if (mq.matches) {\n            $('#reserve button').click(function() {\n                if ($ssiWidget.is(':hidden')) $ssiWidget.show();\n            \n                setTimeout(function() {\n                    $pickupSelect.selectmenu('open');\n                }, 500);\n            });\n        } else {\n            \/\/ Mover formulario al body del modal\n            $('#ssi-widget-mobile-slot').append($ssiWidget);\n            \n            \/\/ configurar boton para abrir modal\n            $('#reserve button').attr('data-toggle', 'modal');\n            $('#reserve button').attr('data-target', '#ssiWidgetModal');\n            \n            \/\/ Mostrar formualrio porque por defecto esta oculto\n            $ssiWidget.show();\n        }\n    });\n<\/script>\n\t\t<\/div>\n\t<\/div>\n<\/div><\/div><\/div><\/div><\/section>\n<\/div>","protected":false},"excerpt":{"rendered":"Promociones Conoce todas las promociones que tenemos preparado para t\u00ed. \u00a1Haz tu reserva y accede a beneficios! Si ya tienes las fechas en las que deseas alquilar un veh\u00edculo, res\u00e9rvalo v\u00eda online. Y obt\u00e9n descuentos exclusivos Comenzar reserva Viajar con nosotros es una experiencia completa y reconfortante: veh\u00edculos c\u00f3modos, atenci\u00f3n personalizada, reservas r\u00e1pidas y beneficios [...]","protected":false},"author":1,"featured_media":0,"parent":0,"menu_order":0,"comment_status":"closed","ping_status":"closed","template":"templates\/page-vc_compatible.php","meta":{"_acf_changed":false,"footnotes":""},"class_list":["post-17634","page","type-page","status-publish","hentry"],"acf":[],"_links":{"self":[{"href":"https:\/\/ssi-soluciones.com\/en\/wp-json\/wp\/v2\/pages\/17634","targetHints":{"allow":["GET"]}}],"collection":[{"href":"https:\/\/ssi-soluciones.com\/en\/wp-json\/wp\/v2\/pages"}],"about":[{"href":"https:\/\/ssi-soluciones.com\/en\/wp-json\/wp\/v2\/types\/page"}],"author":[{"embeddable":true,"href":"https:\/\/ssi-soluciones.com\/en\/wp-json\/wp\/v2\/users\/1"}],"replies":[{"embeddable":true,"href":"https:\/\/ssi-soluciones.com\/en\/wp-json\/wp\/v2\/comments?post=17634"}],"version-history":[{"count":10,"href":"https:\/\/ssi-soluciones.com\/en\/wp-json\/wp\/v2\/pages\/17634\/revisions"}],"predecessor-version":[{"id":17734,"href":"https:\/\/ssi-soluciones.com\/en\/wp-json\/wp\/v2\/pages\/17634\/revisions\/17734"}],"wp:attachment":[{"href":"https:\/\/ssi-soluciones.com\/en\/wp-json\/wp\/v2\/media?parent=17634"}],"curies":[{"name":"wp","href":"https:\/\/api.w.org\/{rel}","templated":true}]}}